{"id":2240,"date":"2024-04-04T07:29:30","date_gmt":"2024-04-04T12:29:30","guid":{"rendered":"https:\/\/ancestrinaceremonies.com\/equipo\/"},"modified":"2024-10-21T13:55:03","modified_gmt":"2024-10-21T18:55:03","slug":"equipo","status":"publish","type":"page","link":"https:\/\/ancestrinaceremonies.com\/es\/equipo\/","title":{"rendered":"Equipo"},"content":{"rendered":"\t\t<div data-elementor-type=\"wp-page\" data-elementor-id=\"2240\" class=\"elementor elementor-2240\" data-elementor-post-type=\"page\">\n\t\t\t\t<div class=\"elementor-element elementor-element-288d9f0 e-flex e-con-boxed e-con e-parent\" data-id=\"288d9f0\" data-element_type=\"container\" data-e-type=\"container\" data-settings=\"{&quot;background_background&quot;:&quot;classic&quot;}\">\n\t\t\t\t\t<div class=\"e-con-inner\">\n\t\t<div class=\"elementor-element elementor-element-f87a610 e-flex e-con-boxed e-con e-child\" data-id=\"f87a610\" data-element_type=\"container\" data-e-type=\"container\">\n\t\t\t\t\t<div class=\"e-con-inner\">\n\t\t\t\t<div class=\"elementor-element elementor-element-4a9354c elementor-widget elementor-widget-heading\" data-id=\"4a9354c\" data-element_type=\"widget\" data-e-type=\"widget\" data-widget_type=\"heading.default\">\n\t\t\t\t<div class=\"elementor-widget-container\">\n\t\t\t\t\t<h3 class=\"elementor-heading-title elementor-size-default\">Equipo<\/h3>\t\t\t\t<\/div>\n\t\t\t\t<\/div>\n\t\t\t\t<div class=\"elementor-element elementor-element-d931ae9 elementor-widget elementor-widget-heading\" data-id=\"d931ae9\" data-element_type=\"widget\" data-e-type=\"widget\" data-widget_type=\"heading.default\">\n\t\t\t\t<div class=\"elementor-widget-container\">\n\t\t\t\t\t<h2 class=\"elementor-heading-title elementor-size-default\">Especialistas en procesos con medicinas ancestrales  <\/h2>\t\t\t\t<\/div>\n\t\t\t\t<\/div>\n\t\t\t\t\t<\/div>\n\t\t\t\t<\/div>\n\t\t<div class=\"elementor-element elementor-element-7777d4f e-con-full e-flex e-con e-child\" data-id=\"7777d4f\" data-element_type=\"container\" data-e-type=\"container\">\n\t\t<div class=\"elementor-element elementor-element-657489a e-con-full e-flex e-con e-child\" data-id=\"657489a\" data-element_type=\"container\" data-e-type=\"container\" data-settings=\"{&quot;background_background&quot;:&quot;classic&quot;}\">\n\t\t\t\t<\/div>\n\t\t<div class=\"elementor-element elementor-element-6c95eb4 e-con-full e-flex e-con e-child\" data-id=\"6c95eb4\" data-element_type=\"container\" data-e-type=\"container\">\n\t\t\t\t<div class=\"elementor-element elementor-element-eea0f78 elementor-widget elementor-widget-text-editor\" data-id=\"eea0f78\" data-element_type=\"widget\" data-e-type=\"widget\" data-widget_type=\"text-editor.default\">\n\t\t\t\t<div class=\"elementor-widget-container\">\n\t\t\t\t\t\t\t\t\t<strong>Marcela G\u00f3mez<\/strong><br>Soy una profunda apasionada del bienestar y la sanaci\u00f3n, que dedica su vida a explorar y profundizar en su comprensi\u00f3n de la felicidad y el bienestar hol\u00edstico. Mi viaje comenz\u00f3 en 2009 con la meditaci\u00f3n Vipassana, que me llev\u00f3 al viaje del autodescubrimiento y a la comprensi\u00f3n de la mente humana. Me he formado en Mindfulness, Compasi\u00f3n y Psicolog\u00eda de la Felicidad en la Universidad de Stanford, de la mano de mentores expertos como Mo Gawdat.   <br><br> Mi compromiso con el crecimiento personal me llev\u00f3 a estudiar Psicolog\u00eda Transpersonal, integrando las dimensiones espiritual y psicol\u00f3gica en la pr\u00e1ctica. Combino estas poderosas herramientas con una profunda sensibilidad y empat\u00eda, creando espacios de sanaci\u00f3n que permiten a los participantes explorar y sanar desde un lugar de amor y profunda comprensi\u00f3n. \t\t\t\t\t\t\t\t<\/div>\n\t\t\t\t<\/div>\n\t\t\t\t<\/div>\n\t\t\t\t<\/div>\n\t\t\t\t\t<\/div>\n\t\t\t\t<\/div>\n\t\t<div class=\"elementor-element elementor-element-cc76849 e-flex e-con-boxed e-con e-parent\" data-id=\"cc76849\" data-element_type=\"container\" data-e-type=\"container\" data-settings=\"{&quot;background_background&quot;:&quot;classic&quot;}\">\n\t\t\t\t\t<div class=\"e-con-inner\">\n\t\t<div class=\"elementor-element elementor-element-39a43fd e-con-full e-flex e-con e-child\" data-id=\"39a43fd\" data-element_type=\"container\" data-e-type=\"container\">\n\t\t<div class=\"elementor-element elementor-element-d23fecc e-con-full e-flex e-con e-child\" data-id=\"d23fecc\" data-element_type=\"container\" data-e-type=\"container\">\n\t\t\t\t<div class=\"elementor-element elementor-element-092040f elementor-widget elementor-widget-text-editor\" data-id=\"092040f\" data-element_type=\"widget\" data-e-type=\"widget\" data-widget_type=\"text-editor.default\">\n\t\t\t\t<div class=\"elementor-widget-container\">\n\t\t\t\t\t\t\t\t\t<strong>Victor Silva<\/strong><br>Soy un profundo apasionado de la sanaci\u00f3n ancestral y el desarrollo personal, con m\u00e1s de una d\u00e9cada de experiencia guiando a personas a trav\u00e9s de procesos transformadores. Como fundador de Ancestrina, una comunidad dedicada a las ceremonias de medicina ancestral, V\u00edctor ha desarrollado un enfoque \u00fanico que combina diversas corrientes de pensamiento y pr\u00e1cticas terap\u00e9uticas.  <br><br>  Formado en Terapia Gestalt, Constelaciones Familiares, Tantra y Clown Terap\u00e9utico, V\u00edctor aporta a su trabajo una rica diversidad de m\u00e9todos y perspectivas. Su enfoque se caracteriza por una capacidad \u00fanica de confrontaci\u00f3n y desaf\u00edo, siempre desde un lugar de compasi\u00f3n y comprensi\u00f3n profunda, que permite a las personas enfrentarse a s\u00ed mismas y encontrar caminos de sanaci\u00f3n y crecimiento personal.   \t\t\t\t\t\t\t\t<\/div>\n\t\t\t\t<\/div>\n\t\t\t\t<\/div>\n\t\t<div class=\"elementor-element elementor-element-464d964 e-con-full e-flex e-con e-child\" data-id=\"464d964\" data-element_type=\"container\" data-e-type=\"container\" data-settings=\"{&quot;background_background&quot;:&quot;classic&quot;}\">\n\t\t\t\t<\/div>\n\t\t\t\t<\/div>\n\t\t\t\t\t<\/div>\n\t\t\t\t<\/div>\n\t\t<div class=\"elementor-element elementor-element-6a54c1f e-flex e-con-boxed e-con e-parent\" data-id=\"6a54c1f\" data-element_type=\"container\" data-e-type=\"container\" data-settings=\"{&quot;background_background&quot;:&quot;classic&quot;}\">\n\t\t\t\t\t<div class=\"e-con-inner\">\n\t\t<div class=\"elementor-element elementor-element-fa79b8b e-con-full e-flex e-con e-child\" data-id=\"fa79b8b\" data-element_type=\"container\" data-e-type=\"container\">\n\t\t\t\t<div class=\"elementor-element elementor-element-84db274 elementor-widget elementor-widget-heading\" data-id=\"84db274\" data-element_type=\"widget\" data-e-type=\"widget\" data-widget_type=\"heading.default\">\n\t\t\t\t<div class=\"elementor-widget-container\">\n\t\t\t\t\t<h1 class=\"elementor-heading-title elementor-size-default\">\u00danete al pr\u00f3ximo retiro<\/h1>\t\t\t\t<\/div>\n\t\t\t\t<\/div>\n\t\t\t\t<div class=\"elementor-element elementor-element-4151964 elementor-widget elementor-widget-heading\" data-id=\"4151964\" data-element_type=\"widget\" data-e-type=\"widget\" data-widget_type=\"heading.default\">\n\t\t\t\t<div class=\"elementor-widget-container\">\n\t\t\t\t\t<p class=\"elementor-heading-title elementor-size-default\">Si te sientes llamado a profundizar y comprometerte con tu curaci\u00f3n de una manera profunda y significativa, te invitamos a unirte a nosotros. No ofrecemos soluciones r\u00e1pidas, sino un viaje que puede transformar tu vida.<\/p>\t\t\t\t<\/div>\n\t\t\t\t<\/div>\n\t\t\t\t<div class=\"elementor-element elementor-element-21c9cdb elementor-align-center elementor-widget elementor-widget-button\" data-id=\"21c9cdb\" data-element_type=\"widget\" data-e-type=\"widget\" data-widget_type=\"button.default\">\n\t\t\t\t<div class=\"elementor-widget-container\">\n\t\t\t\t\t\t\t\t\t<div class=\"elementor-button-wrapper\">\n\t\t\t\t\t<a class=\"elementor-button elementor-button-link elementor-size-sm\" href=\"#\">\n\t\t\t\t\t\t<span class=\"elementor-button-content-wrapper\">\n\t\t\t\t\t\t\t\t\t<span class=\"elementor-button-text\">Quiero asistir<\/span>\n\t\t\t\t\t<\/span>\n\t\t\t\t\t<\/a>\n\t\t\t\t<\/div>\n\t\t\t\t\t\t\t\t<\/div>\n\t\t\t\t<\/div>\n\t\t\t\t<\/div>\n\t\t\t\t\t<\/div>\n\t\t\t\t<\/div>\n\t\t\t\t<\/div>\n\t\t","protected":false},"excerpt":{"rendered":"<p>Equipo Especialistas en procesos con medicinas ancestrales Marcela G\u00f3mezSoy una profunda apasionada del bienestar y la sanaci\u00f3n, que dedica su [&hellip;]<\/p>\n","protected":false},"author":3,"featured_media":0,"parent":0,"menu_order":0,"comment_status":"closed","ping_status":"closed","template":"","meta":{"order-bump-settings":[],"_wpfnl_thankyou_order_overview":"on","_wpfnl_thankyou_order_details":"on","_wpfnl_thankyou_billing_details":"on","_wpfnl_thankyou_shipping_details":"on","site-sidebar-layout":"no-sidebar","site-content-layout":"","ast-site-content-layout":"full-width-container","site-content-style":"default","site-sidebar-style":"default","ast-global-header-display":"","ast-banner-title-visibility":"","ast-main-header-display":"","ast-hfb-above-header-display":"","ast-hfb-below-header-display":"","ast-hfb-mobile-header-display":"","site-post-title":"disabled","ast-breadcrumbs-content":"","ast-featured-img":"disabled","footer-sml-layout":"","ast-disable-related-posts":"","theme-transparent-header-meta":"","adv-header-id-meta":"","stick-header-meta":"","header-above-stick-meta":"","header-main-stick-meta":"","header-below-stick-meta":"","astra-migrate-meta-layouts":"default","ast-page-background-enabled":"default","ast-page-background-meta":{"desktop":{"background-color":"var(--ast-global-color-4)","background-image":"","background-repeat":"repeat","background-position":"center center","background-size":"auto","background-attachment":"scroll","background-type":"","background-media":"","overlay-type":"","overlay-color":"","overlay-opacity":"","overlay-gradient":""},"tablet":{"background-color":"","background-image":"","background-repeat":"repeat","background-position":"center center","background-size":"auto","background-attachment":"scroll","background-type":"","background-media":"","overlay-type":"","overlay-color":"","overlay-opacity":"","overlay-gradient":""},"mobile":{"background-color":"","background-image":"","background-repeat":"repeat","background-position":"center center","background-size":"auto","background-attachment":"scroll","background-type":"","background-media":"","overlay-type":"","overlay-color":"","overlay-opacity":"","overlay-gradient":""}},"ast-content-background-meta":{"desktop":{"background-color":"var(--ast-global-color-5)","background-image":"","background-repeat":"repeat","background-position":"center center","background-size":"auto","background-attachment":"scroll","background-type":"","background-media":"","overlay-type":"","overlay-color":"","overlay-opacity":"","overlay-gradient":""},"tablet":{"background-color":"var(--ast-global-color-5)","background-image":"","background-repeat":"repeat","background-position":"center center","background-size":"auto","background-attachment":"scroll","background-type":"","background-media":"","overlay-type":"","overlay-color":"","overlay-opacity":"","overlay-gradient":""},"mobile":{"background-color":"var(--ast-global-color-5)","background-image":"","background-repeat":"repeat","background-position":"center center","background-size":"auto","background-attachment":"scroll","background-type":"","background-media":"","overlay-type":"","overlay-color":"","overlay-opacity":"","overlay-gradient":""}},"footnotes":""},"class_list":["post-2240","page","type-page","status-publish","hentry"],"yoast_head":"<!-- This site is optimized with the Yoast SEO Premium plugin v22.6 (Yoast SEO v27.4) - https:\/\/yoast.com\/product\/yoast-seo-premium-wordpress\/ -->\n<title>Equipo - Ancestrina Ceremonies<\/title>\n<meta name=\"robots\" content=\"index, follow, max-snippet:-1, max-image-preview:large, max-video-preview:-1\" \/>\n<link rel=\"canonical\" href=\"https:\/\/ancestrinaceremonies.com\/es\/equipo\/\" \/>\n<meta property=\"og:locale\" content=\"es_ES\" \/>\n<meta property=\"og:type\" content=\"article\" \/>\n<meta property=\"og:title\" content=\"Equipo\" \/>\n<meta property=\"og:description\" content=\"Equipo Especialistas en procesos con medicinas ancestrales Marcela G\u00f3mezSoy una profunda apasionada del bienestar y la sanaci\u00f3n, que dedica su [&hellip;]\" \/>\n<meta property=\"og:url\" content=\"https:\/\/ancestrinaceremonies.com\/es\/equipo\/\" \/>\n<meta property=\"og:site_name\" content=\"Ancestrina Ceremonies\" \/>\n<meta property=\"article:modified_time\" content=\"2024-10-21T18:55:03+00:00\" \/>\n<meta name=\"twitter:card\" content=\"summary_large_image\" \/>\n<meta name=\"twitter:label1\" content=\"Tiempo de lectura\" \/>\n\t<meta name=\"twitter:data1\" content=\"2 minutos\" \/>\n<script type=\"application\/ld+json\" class=\"yoast-schema-graph\">{\"@context\":\"https:\\\/\\\/schema.org\",\"@graph\":[{\"@type\":\"WebPage\",\"@id\":\"https:\\\/\\\/ancestrinaceremonies.com\\\/es\\\/equipo\\\/\",\"url\":\"https:\\\/\\\/ancestrinaceremonies.com\\\/es\\\/equipo\\\/\",\"name\":\"Equipo - Ancestrina Ceremonies\",\"isPartOf\":{\"@id\":\"https:\\\/\\\/ancestrinaceremonies.com\\\/es\\\/#website\"},\"datePublished\":\"2024-04-04T12:29:30+00:00\",\"dateModified\":\"2024-10-21T18:55:03+00:00\",\"breadcrumb\":{\"@id\":\"https:\\\/\\\/ancestrinaceremonies.com\\\/es\\\/equipo\\\/#breadcrumb\"},\"inLanguage\":\"es\",\"potentialAction\":[{\"@type\":\"ReadAction\",\"target\":[\"https:\\\/\\\/ancestrinaceremonies.com\\\/es\\\/equipo\\\/\"]}]},{\"@type\":\"BreadcrumbList\",\"@id\":\"https:\\\/\\\/ancestrinaceremonies.com\\\/es\\\/equipo\\\/#breadcrumb\",\"itemListElement\":[{\"@type\":\"ListItem\",\"position\":1,\"name\":\"Portada\",\"item\":\"https:\\\/\\\/ancestrinaceremonies.com\\\/es\\\/inicio\\\/\"},{\"@type\":\"ListItem\",\"position\":2,\"name\":\"Equipo\"}]},{\"@type\":\"WebSite\",\"@id\":\"https:\\\/\\\/ancestrinaceremonies.com\\\/es\\\/#website\",\"url\":\"https:\\\/\\\/ancestrinaceremonies.com\\\/es\\\/\",\"name\":\"Ancestrina Ceremonies\",\"description\":\"A healing and personal growth space accompanied by ancestral medicines.\",\"publisher\":{\"@id\":\"https:\\\/\\\/ancestrinaceremonies.com\\\/es\\\/#organization\"},\"potentialAction\":[{\"@type\":\"SearchAction\",\"target\":{\"@type\":\"EntryPoint\",\"urlTemplate\":\"https:\\\/\\\/ancestrinaceremonies.com\\\/es\\\/?s={search_term_string}\"},\"query-input\":{\"@type\":\"PropertyValueSpecification\",\"valueRequired\":true,\"valueName\":\"search_term_string\"}}],\"inLanguage\":\"es\"},{\"@type\":\"Organization\",\"@id\":\"https:\\\/\\\/ancestrinaceremonies.com\\\/es\\\/#organization\",\"name\":\"Ancestrina Ceremonies\",\"url\":\"https:\\\/\\\/ancestrinaceremonies.com\\\/es\\\/\",\"logo\":{\"@type\":\"ImageObject\",\"inLanguage\":\"es\",\"@id\":\"https:\\\/\\\/ancestrinaceremonies.com\\\/es\\\/#\\\/schema\\\/logo\\\/image\\\/\",\"url\":\"https:\\\/\\\/ancestrinaceremonies.com\\\/wp-content\\\/uploads\\\/Logo-Verde-Medicinal-Ceremonies.webp\",\"contentUrl\":\"https:\\\/\\\/ancestrinaceremonies.com\\\/wp-content\\\/uploads\\\/Logo-Verde-Medicinal-Ceremonies.webp\",\"width\":931,\"height\":300,\"caption\":\"Ancestrina Ceremonies\"},\"image\":{\"@id\":\"https:\\\/\\\/ancestrinaceremonies.com\\\/es\\\/#\\\/schema\\\/logo\\\/image\\\/\"}}]}<\/script>\n<!-- \/ Yoast SEO Premium plugin. -->","yoast_head_json":{"title":"Equipo - Ancestrina Ceremonies","robots":{"index":"index","follow":"follow","max-snippet":"max-snippet:-1","max-image-preview":"max-image-preview:large","max-video-preview":"max-video-preview:-1"},"canonical":"https:\/\/ancestrinaceremonies.com\/es\/equipo\/","og_locale":"es_ES","og_type":"article","og_title":"Equipo","og_description":"Equipo Especialistas en procesos con medicinas ancestrales Marcela G\u00f3mezSoy una profunda apasionada del bienestar y la sanaci\u00f3n, que dedica su [&hellip;]","og_url":"https:\/\/ancestrinaceremonies.com\/es\/equipo\/","og_site_name":"Ancestrina Ceremonies","article_modified_time":"2024-10-21T18:55:03+00:00","twitter_card":"summary_large_image","twitter_misc":{"Tiempo de lectura":"2 minutos"},"schema":{"@context":"https:\/\/schema.org","@graph":[{"@type":"WebPage","@id":"https:\/\/ancestrinaceremonies.com\/es\/equipo\/","url":"https:\/\/ancestrinaceremonies.com\/es\/equipo\/","name":"Equipo - Ancestrina Ceremonies","isPartOf":{"@id":"https:\/\/ancestrinaceremonies.com\/es\/#website"},"datePublished":"2024-04-04T12:29:30+00:00","dateModified":"2024-10-21T18:55:03+00:00","breadcrumb":{"@id":"https:\/\/ancestrinaceremonies.com\/es\/equipo\/#breadcrumb"},"inLanguage":"es","potentialAction":[{"@type":"ReadAction","target":["https:\/\/ancestrinaceremonies.com\/es\/equipo\/"]}]},{"@type":"BreadcrumbList","@id":"https:\/\/ancestrinaceremonies.com\/es\/equipo\/#breadcrumb","itemListElement":[{"@type":"ListItem","position":1,"name":"Portada","item":"https:\/\/ancestrinaceremonies.com\/es\/inicio\/"},{"@type":"ListItem","position":2,"name":"Equipo"}]},{"@type":"WebSite","@id":"https:\/\/ancestrinaceremonies.com\/es\/#website","url":"https:\/\/ancestrinaceremonies.com\/es\/","name":"Ancestrina Ceremonies","description":"A healing and personal growth space accompanied by ancestral medicines.","publisher":{"@id":"https:\/\/ancestrinaceremonies.com\/es\/#organization"},"potentialAction":[{"@type":"SearchAction","target":{"@type":"EntryPoint","urlTemplate":"https:\/\/ancestrinaceremonies.com\/es\/?s={search_term_string}"},"query-input":{"@type":"PropertyValueSpecification","valueRequired":true,"valueName":"search_term_string"}}],"inLanguage":"es"},{"@type":"Organization","@id":"https:\/\/ancestrinaceremonies.com\/es\/#organization","name":"Ancestrina Ceremonies","url":"https:\/\/ancestrinaceremonies.com\/es\/","logo":{"@type":"ImageObject","inLanguage":"es","@id":"https:\/\/ancestrinaceremonies.com\/es\/#\/schema\/logo\/image\/","url":"https:\/\/ancestrinaceremonies.com\/wp-content\/uploads\/Logo-Verde-Medicinal-Ceremonies.webp","contentUrl":"https:\/\/ancestrinaceremonies.com\/wp-content\/uploads\/Logo-Verde-Medicinal-Ceremonies.webp","width":931,"height":300,"caption":"Ancestrina Ceremonies"},"image":{"@id":"https:\/\/ancestrinaceremonies.com\/es\/#\/schema\/logo\/image\/"}}]}},"_hostinger_reach_plugin_has_subscription_block":false,"_hostinger_reach_plugin_is_elementor":false,"_links":{"self":[{"href":"https:\/\/ancestrinaceremonies.com\/es\/wp-json\/wp\/v2\/pages\/2240","targetHints":{"allow":["GET"]}}],"collection":[{"href":"https:\/\/ancestrinaceremonies.com\/es\/wp-json\/wp\/v2\/pages"}],"about":[{"href":"https:\/\/ancestrinaceremonies.com\/es\/wp-json\/wp\/v2\/types\/page"}],"author":[{"embeddable":true,"href":"https:\/\/ancestrinaceremonies.com\/es\/wp-json\/wp\/v2\/users\/3"}],"replies":[{"embeddable":true,"href":"https:\/\/ancestrinaceremonies.com\/es\/wp-json\/wp\/v2\/comments?post=2240"}],"version-history":[{"count":1,"href":"https:\/\/ancestrinaceremonies.com\/es\/wp-json\/wp\/v2\/pages\/2240\/revisions"}],"predecessor-version":[{"id":2241,"href":"https:\/\/ancestrinaceremonies.com\/es\/wp-json\/wp\/v2\/pages\/2240\/revisions\/2241"}],"wp:attachment":[{"href":"https:\/\/ancestrinaceremonies.com\/es\/wp-json\/wp\/v2\/media?parent=2240"}],"curies":[{"name":"wp","href":"https:\/\/api.w.org\/{rel}","templated":true}]}}